{"id":6463,"date":"2026-03-03T10:06:33","date_gmt":"2026-03-03T02:06:33","guid":{"rendered":"https:\/\/www.shuliygroup.com\/?page_id=6463"},"modified":"2026-03-03T13:46:37","modified_gmt":"2026-03-03T05:46:37","slug":"home-page-v2","status":"publish","type":"page","link":"https:\/\/www.shuliygroup.com\/es\/home-page-v2\/","title":{"rendered":"P\u00e1gina de inicio v2"},"content":{"rendered":"<div class=\"wp-block-uagb-container uagb-block-f347f73c alignfull uagb-is-root-container\"> <div class=\"wp-block-uagb-slider uagb-block-ac7ca48d uagb-slider-container\"><div class=\"uagb-slides uagb-swiper\"><div class=\"swiper-wrapper\"> <div class=\"wp-block-uagb-slider-child uagb-slider-child-wrap swiper-slide uagb-block-03c19cfb\"><div class=\"swiper-content\"> <div class=\"wp-block-uagb-container uagb-block-b7892bd1\"> <div class=\"wp-block-uagb-image alignfull uagb-block-75dc7122 wp-block-uagb-image--layout-default wp-block-uagb-image--effect-static wp-block-uagb-image--align-full\"><figure class=\"wp-block-uagb-image__figure\"><img decoding=\"async\" srcset=\"https:\/\/www.shuliygroup.com\/wp-content\/uploads\/2023\/03\/plastic-granulating-line.webp ,https:\/\/www.shuliygroup.com\/wp-content\/uploads\/2023\/03\/plastic-granulating-line.webp 780w, https:\/\/www.shuliygroup.com\/wp-content\/uploads\/2023\/03\/plastic-granulating-line.webp 360w\" sizes=\"auto, (max-width: 480px) 150px\" src=\"https:\/\/www.shuliygroup.com\/wp-content\/uploads\/2023\/03\/plastic-granulating-line.webp\" alt=\"l\u00ednea de granulado de pl\u00e1stico\" class=\"uag-image-2042\" width=\"1903\" height=\"694\" title=\"l\u00ednea de granulado de pl\u00e1stico\" loading=\"lazy\" role=\"img\"\/><\/figure><\/div> <\/div> <\/div><\/div>    <div class=\"wp-block-uagb-slider-child uagb-slider-child-wrap swiper-slide uagb-block-4c1f2a54\"><div class=\"swiper-content\"> <div class=\"wp-block-uagb-container uagb-block-7c198f53\"> <div class=\"wp-block-uagb-image alignfull uagb-block-4d57dc78 wp-block-uagb-image--layout-default wp-block-uagb-image--effect-static wp-block-uagb-image--align-full\"><figure class=\"wp-block-uagb-image__figure\"><img decoding=\"async\" srcset=\"https:\/\/www.shuliygroup.com\/wp-content\/uploads\/2023\/04\/pet-bottle-washing-plant.webp ,https:\/\/www.shuliygroup.com\/wp-content\/uploads\/2023\/04\/pet-bottle-washing-plant.webp 780w, https:\/\/www.shuliygroup.com\/wp-content\/uploads\/2023\/04\/pet-bottle-washing-plant.webp 360w\" sizes=\"auto, (max-width: 480px) 150px\" src=\"https:\/\/www.shuliygroup.com\/wp-content\/uploads\/2023\/04\/pet-bottle-washing-plant.webp\" alt=\"\" class=\"uag-image-4689\" width=\"1903\" height=\"694\" title=\"planta-de-lavado-de-biberones-pet\" loading=\"lazy\" role=\"img\"\/><\/figure><\/div> <\/div> <\/div><\/div> <\/div><\/div><div class=\"swiper-pagination\"><\/div><div class=\"swiper-button-prev\"><\/div><div class=\"swiper-button-next\"><\/div><\/div> <\/div>    <div class=\"wp-block-uagb-container uagb-block-3665c321 alignfull uagb-is-root-container\"><div class=\"uagb-container-inner-blocks-wrap\"> <p class=\"gb-headline gb-headline-ce0834ad gb-headline-text\">Productos principales<\/p>    <div class=\"wp-block-uagb-container uagb-layout-flex uagb-block-66ee9656\"> <p class=\"gb-headline gb-headline-7eabd8f1 gb-headline-text\">Granulador de pl\u00e1stico <\/p>    <p>El granulador de pl\u00e1stico es una m\u00e1quina que se utiliza para reducir los desechos pl\u00e1sticos en piezas peque\u00f1as de tama\u00f1o uniforme conocidas como gr\u00e1nulos o gr\u00e1nulos de pl\u00e1stico. Los granuladores de pl\u00e1stico se utilizan com\u00fanmente en la industria del pl\u00e1stico, incluida la fabricaci\u00f3n de productos de pl\u00e1stico, como botellas, contenedores y materiales de embalaje. Tambi\u00e9n se utilizan en la industria del reciclaje para procesar desechos pl\u00e1sticos en gr\u00e1nulos reutilizables. Podemos personalizar la materia prima pl\u00e1stica, el tama\u00f1o y la capacidad de la m\u00e1quina para fabricar gr\u00e1nulos de pl\u00e1stico de acuerdo con las necesidades de su proyecto.<\/p> <\/div> <\/div><\/div>    <p><\/p>","protected":false},"excerpt":{"rendered":"<p>Main Products Plastic Granulator Plastic granulator is a machine used to reduce plastic waste into<\/p>","protected":false},"author":1,"featured_media":0,"parent":0,"menu_order":0,"comment_status":"closed","ping_status":"closed","template":"","meta":{"_uag_custom_page_level_css":"","footnotes":""},"class_list":["post-6463","page","type-page","status-publish"],"uagb_featured_image_src":{"full":false,"thumbnail":false,"medium":false,"medium_large":false,"large":false,"trp-custom-language-flag":false,"1536x1536":false,"2048x2048":false},"uagb_author_info":{"display_name":"admin","author_link":"https:\/\/www.shuliygroup.com\/es\/author\/admin\/"},"uagb_comment_info":0,"uagb_excerpt":"Main Products Plastic Granulator Plastic granulator is a machine used to reduce plastic waste into","_links":{"self":[{"href":"https:\/\/www.shuliygroup.com\/es\/wp-json\/wp\/v2\/pages\/6463","targetHints":{"allow":["GET"]}}],"collection":[{"href":"https:\/\/www.shuliygroup.com\/es\/wp-json\/wp\/v2\/pages"}],"about":[{"href":"https:\/\/www.shuliygroup.com\/es\/wp-json\/wp\/v2\/types\/page"}],"author":[{"embeddable":true,"href":"https:\/\/www.shuliygroup.com\/es\/wp-json\/wp\/v2\/users\/1"}],"replies":[{"embeddable":true,"href":"https:\/\/www.shuliygroup.com\/es\/wp-json\/wp\/v2\/comments?post=6463"}],"version-history":[{"count":0,"href":"https:\/\/www.shuliygroup.com\/es\/wp-json\/wp\/v2\/pages\/6463\/revisions"}],"wp:attachment":[{"href":"https:\/\/www.shuliygroup.com\/es\/wp-json\/wp\/v2\/media?parent=6463"}],"curies":[{"name":"wp","href":"https:\/\/api.w.org\/{rel}","templated":true}]}}