{"id":6463,"date":"2026-03-03T10:06:33","date_gmt":"2026-03-03T02:06:33","guid":{"rendered":"https:\/\/www.shuliygroup.com\/?page_id=6463"},"modified":"2026-03-03T13:46:37","modified_gmt":"2026-03-03T05:46:37","slug":"home-page-v2","status":"publish","type":"page","link":"https:\/\/www.shuliygroup.com\/de\/home-page-v2\/","title":{"rendered":"Startseite v2"},"content":{"rendered":"<div class=\"wp-block-uagb-container uagb-block-f347f73c alignfull uagb-is-root-container\"> <div class=\"wp-block-uagb-slider uagb-block-ac7ca48d uagb-slider-container\"><div class=\"uagb-slides uagb-swiper\"><div class=\"swiper-wrapper\"> <div class=\"wp-block-uagb-slider-child uagb-slider-child-wrap swiper-slide uagb-block-03c19cfb\"><div class=\"swiper-content\"> <div class=\"wp-block-uagb-container uagb-block-b7892bd1\"> <div class=\"wp-block-uagb-image alignfull uagb-block-75dc7122 wp-block-uagb-image--layout-default wp-block-uagb-image--effect-static wp-block-uagb-image--align-full\"><figure class=\"wp-block-uagb-image__figure\"><img decoding=\"async\" srcset=\"https:\/\/www.shuliygroup.com\/wp-content\/uploads\/2023\/03\/plastic-granulating-line.webp ,https:\/\/www.shuliygroup.com\/wp-content\/uploads\/2023\/03\/plastic-granulating-line.webp 780w, https:\/\/www.shuliygroup.com\/wp-content\/uploads\/2023\/03\/plastic-granulating-line.webp 360w\" sizes=\"auto, (max-width: 480px) 150px\" src=\"https:\/\/www.shuliygroup.com\/wp-content\/uploads\/2023\/03\/plastic-granulating-line.webp\" alt=\"Kunststoffgranulierlinie\" class=\"uag-image-2042\" width=\"1903\" height=\"694\" title=\"Kunststoffgranulierlinie\" loading=\"lazy\" role=\"img\"\/><\/figure><\/div> <\/div> <\/div><\/div>    <div class=\"wp-block-uagb-slider-child uagb-slider-child-wrap swiper-slide uagb-block-4c1f2a54\"><div class=\"swiper-content\"> <div class=\"wp-block-uagb-container uagb-block-7c198f53\"> <div class=\"wp-block-uagb-image alignfull uagb-block-4d57dc78 wp-block-uagb-image--layout-default wp-block-uagb-image--effect-static wp-block-uagb-image--align-full\"><figure class=\"wp-block-uagb-image__figure\"><img decoding=\"async\" srcset=\"https:\/\/www.shuliygroup.com\/wp-content\/uploads\/2023\/04\/pet-bottle-washing-plant.webp ,https:\/\/www.shuliygroup.com\/wp-content\/uploads\/2023\/04\/pet-bottle-washing-plant.webp 780w, https:\/\/www.shuliygroup.com\/wp-content\/uploads\/2023\/04\/pet-bottle-washing-plant.webp 360w\" sizes=\"auto, (max-width: 480px) 150px\" src=\"https:\/\/www.shuliygroup.com\/wp-content\/uploads\/2023\/04\/pet-bottle-washing-plant.webp\" alt=\"\" class=\"uag-image-4689\" width=\"1903\" height=\"694\" title=\"PET-Flaschen-Waschanlage\" loading=\"lazy\" role=\"img\"\/><\/figure><\/div> <\/div> <\/div><\/div> <\/div><\/div><div class=\"swiper-pagination\"><\/div><div class=\"swiper-button-prev\"><\/div><div class=\"swiper-button-next\"><\/div><\/div> <\/div>    <div class=\"wp-block-uagb-container uagb-block-3665c321 alignfull uagb-is-root-container\"><div class=\"uagb-container-inner-blocks-wrap\"> <p class=\"gb-headline gb-headline-ce0834ad gb-headline-text\">Hauptprodukte<\/p>    <div class=\"wp-block-uagb-container uagb-layout-flex uagb-block-66ee9656\"> <p class=\"gb-headline gb-headline-7eabd8f1 gb-headline-text\">Kunststoffgranulator <\/p>    <p>Kunststoffgranulator ist eine Maschine, die verwendet wird, um Kunststoffabf\u00e4lle in kleine, einheitliche St\u00fccke, sogenannte Kunststoffgranulate oder Pellets, zu zerkleinern. Kunststoffgranulatoren werden h\u00e4ufig in der Kunststoffindustrie eingesetzt, einschlie\u00dflich der Herstellung von Kunststoffprodukten wie Flaschen, Beh\u00e4ltern und Verpackungsmaterialien. Sie werden auch in der Recyclingbranche verwendet, um Kunststoffabf\u00e4lle in wiederverwendbare Pellets zu verarbeiten. Wir k\u00f6nnen das Rohmaterial, die Gr\u00f6\u00dfe und die Kapazit\u00e4t der Kunststoffpelletmaschine entsprechend Ihren Projektanforderungen anpassen.<\/p> <\/div> <\/div><\/div>    <p><\/p>","protected":false},"excerpt":{"rendered":"<p>Main Products Plastic Granulator Plastic granulator is a machine used to reduce plastic waste into<\/p>","protected":false},"author":1,"featured_media":0,"parent":0,"menu_order":0,"comment_status":"closed","ping_status":"closed","template":"","meta":{"_uag_custom_page_level_css":"","footnotes":""},"class_list":["post-6463","page","type-page","status-publish"],"uagb_featured_image_src":{"full":false,"thumbnail":false,"medium":false,"medium_large":false,"large":false,"trp-custom-language-flag":false,"1536x1536":false,"2048x2048":false},"uagb_author_info":{"display_name":"admin","author_link":"https:\/\/www.shuliygroup.com\/de\/author\/admin\/"},"uagb_comment_info":0,"uagb_excerpt":"Main Products Plastic Granulator Plastic granulator is a machine used to reduce plastic waste into","_links":{"self":[{"href":"https:\/\/www.shuliygroup.com\/de\/wp-json\/wp\/v2\/pages\/6463","targetHints":{"allow":["GET"]}}],"collection":[{"href":"https:\/\/www.shuliygroup.com\/de\/wp-json\/wp\/v2\/pages"}],"about":[{"href":"https:\/\/www.shuliygroup.com\/de\/wp-json\/wp\/v2\/types\/page"}],"author":[{"embeddable":true,"href":"https:\/\/www.shuliygroup.com\/de\/wp-json\/wp\/v2\/users\/1"}],"replies":[{"embeddable":true,"href":"https:\/\/www.shuliygroup.com\/de\/wp-json\/wp\/v2\/comments?post=6463"}],"version-history":[{"count":0,"href":"https:\/\/www.shuliygroup.com\/de\/wp-json\/wp\/v2\/pages\/6463\/revisions"}],"wp:attachment":[{"href":"https:\/\/www.shuliygroup.com\/de\/wp-json\/wp\/v2\/media?parent=6463"}],"curies":[{"name":"wp","href":"https:\/\/api.w.org\/{rel}","templated":true}]}}